{"id":3416,"date":"2021-11-22T16:01:01","date_gmt":"2021-11-22T15:01:01","guid":{"rendered":"https:\/\/clubmaritimobarcelona.sitiosendesarrollo.com\/avertissement-juridique\/"},"modified":"2021-11-24T19:25:42","modified_gmt":"2021-11-24T18:25:42","slug":"avertissement-juridique","status":"publish","type":"page","link":"https:\/\/www.maritimbarcelona.org\/fr\/avertissement-juridique\/","title":{"rendered":"Avertissement l\u00e9gal"},"content":{"rendered":"\t\t<div data-elementor-type=\"wp-page\" data-elementor-id=\"3416\" class=\"elementor elementor-3416 elementor-3\" data-elementor-post-type=\"page\">\n\t\t\t\t\t\t<section class=\"ob-is-breaking-bad elementor-section elementor-top-section elementor-element elementor-element-9706e84 elementor-section-boxed elementor-section-height-default elementor-section-height-default\" data-id=\"9706e84\" data-element_type=\"section\" data-e-type=\"section\" data-settings=\"{&quot;_ob_bbad_use_it&quot;:&quot;yes&quot;,&quot;_ob_bbad_sssic_use&quot;:&quot;no&quot;,&quot;_ob_glider_is_slider&quot;:&quot;no&quot;}\">\n\t\t\t\t\t\t<div class=\"elementor-container elementor-column-gap-default\">\n\t\t\t\t\t<div class=\"elementor-column elementor-col-100 elementor-top-column elementor-element elementor-element-a1ba853\" data-id=\"a1ba853\" data-element_type=\"column\" data-e-type=\"column\" data-settings=\"{&quot;_ob_bbad_is_stalker&quot;:&quot;no&quot;,&quot;_ob_teleporter_use&quot;:false,&quot;_ob_column_hoveranimator&quot;:&quot;no&quot;,&quot;_ob_column_has_pseudo&quot;:&quot;no&quot;}\">\n\t\t\t<div class=\"elementor-widget-wrap elementor-element-populated\">\n\t\t\t\t\t\t<div class=\"elementor-element elementor-element-ba9f144 ob-harakiri-inherit ob-has-background-overlay elementor-widget elementor-widget-heading\" data-id=\"ba9f144\" data-element_type=\"widget\" data-e-type=\"widget\" data-settings=\"{&quot;_ob_use_harakiri&quot;:&quot;yes&quot;,&quot;_ob_harakiri_writing_mode&quot;:&quot;inherit&quot;,&quot;_ob_harakiri_text_clip&quot;:&quot;none&quot;,&quot;_ob_perspektive_use&quot;:&quot;no&quot;,&quot;_ob_poopart_use&quot;:&quot;yes&quot;,&quot;_ob_shadough_use&quot;:&quot;no&quot;,&quot;_ob_allow_hoveranimator&quot;:&quot;no&quot;,&quot;_ob_widget_stalker_use&quot;:&quot;no&quot;}\" data-widget_type=\"heading.default\">\n\t\t\t\t<div class=\"elementor-widget-container\">\n\t\t\t\t\t<h1 class=\"elementor-heading-title elementor-size-default\">AVERTISSEMENT JURIDIQUE<\/h1>\t\t\t\t<\/div>\n\t\t\t\t<\/div>\n\t\t\t\t\t<\/div>\n\t\t<\/div>\n\t\t\t\t\t<\/div>\n\t\t<\/section>\n\t\t\t\t<section class=\"ob-is-breaking-bad elementor-section elementor-top-section elementor-element elementor-element-e44029e elementor-section-boxed elementor-section-height-default elementor-section-height-default\" data-id=\"e44029e\" data-element_type=\"section\" data-e-type=\"section\" data-settings=\"{&quot;_ob_bbad_use_it&quot;:&quot;yes&quot;,&quot;_ob_bbad_sssic_use&quot;:&quot;no&quot;,&quot;_ob_glider_is_slider&quot;:&quot;no&quot;}\">\n\t\t\t\t\t\t<div class=\"elementor-container elementor-column-gap-default\">\n\t\t\t\t\t<div class=\"elementor-column elementor-col-100 elementor-top-column elementor-element elementor-element-3760859\" data-id=\"3760859\" data-element_type=\"column\" data-e-type=\"column\" data-settings=\"{&quot;_ob_bbad_is_stalker&quot;:&quot;no&quot;,&quot;_ob_teleporter_use&quot;:false,&quot;_ob_column_hoveranimator&quot;:&quot;no&quot;,&quot;_ob_column_has_pseudo&quot;:&quot;no&quot;}\">\n\t\t\t<div class=\"elementor-widget-wrap elementor-element-populated\">\n\t\t\t\t\t\t<div class=\"elementor-element elementor-element-ef19087 ob-harakiri-inherit ob-has-background-overlay elementor-widget elementor-widget-text-editor\" data-id=\"ef19087\" data-element_type=\"widget\" data-e-type=\"widget\" data-settings=\"{&quot;_ob_use_harakiri&quot;:&quot;yes&quot;,&quot;_ob_harakiri_writing_mode&quot;:&quot;inherit&quot;,&quot;_ob_postman_use&quot;:&quot;no&quot;,&quot;_ob_perspektive_use&quot;:&quot;no&quot;,&quot;_ob_poopart_use&quot;:&quot;yes&quot;,&quot;_ob_shadough_use&quot;:&quot;no&quot;,&quot;_ob_allow_hoveranimator&quot;:&quot;no&quot;,&quot;_ob_widget_stalker_use&quot;:&quot;no&quot;}\" data-widget_type=\"text-editor.default\">\n\t\t\t\t<div class=\"elementor-widget-container\">\n\t\t\t\t\t\t\t\t\t<p><b style=\"font-size: 1rem;\">1. IDENTIT\u00c9 DU PROPRI\u00c9TAIRE DU SITE<\/b><\/p>\n<p>REAL CLUB MARITIMO DE BARCELONA avec CIF G08260069, domicili\u00e9 \u00e0 Barcelone (Barcelone), \u00e0 C \/ Moll D\u00b4Espanya s \/ n, et email club@maritimbarcelona.org est le propri\u00e9taire de ce site Web, avec domaine<br \/>_______________________________________<br \/><b><br \/><\/b><\/p>\n<p><b>2. ACCEPTATION DES CONDITIONS D&rsquo;UTILISATION<\/b><\/p>\n<p>L&rsquo;utilisation de ce site Internet conf\u00e8re au navigateur, personne physique ou morale, la qualit\u00e9 d&rsquo;UTILISATEUR, ce qui implique l&rsquo;adh\u00e9sion aux conditions ci-apr\u00e8s d\u00e9crites. En g\u00e9n\u00e9ral, les termes et conditions dans la version publi\u00e9e au moment de l&rsquo;acc\u00e8s seront pris en compte. L&rsquo;utilisateur est invit\u00e9 \u00e0 lire attentivement les termes et conditions \u00e9num\u00e9r\u00e9s ci-dessous avant d&rsquo;utiliser les services offerts. De m\u00eame, l&rsquo;acc\u00e8s \u00e0 certains services via ce site Internet peut \u00eatre soumis \u00e0 certaines conditions particuli\u00e8res qui, le cas \u00e9ch\u00e9ant, remplacent, compl\u00e8tent et\/ou modifient les pr\u00e9sentes conditions g\u00e9n\u00e9rales. Par cons\u00e9quent, avant d&rsquo;acc\u00e9der et\/ou d&rsquo;utiliser nos services, l&rsquo;UTILISATEUR doit \u00e9galement lire attentivement les conditions particuli\u00e8res correspondantes. En cas de non-acceptation des conditions d&rsquo;utilisation, vous devez vous abstenir d&rsquo;acc\u00e9der et d&rsquo;utiliser les services contenus dans ce site Web. Les pr\u00e9sentes conditions d&rsquo;utilisation r\u00e9gissent l&rsquo;utilisation g\u00e9n\u00e9rique du Site par l&rsquo;UTILISATEUR qui a la possibilit\u00e9 de les consulter et de les imprimer. Le propri\u00e9taire du site Web se r\u00e9serve le droit de modifier ou de supprimer \u00e0 tout moment et sans pr\u00e9avis les contenus, services et informations contenus sur ce site Web, ainsi que de limiter ou d&rsquo;annuler les termes et conditions applicables au site Web.<\/p>\n<p><b>3. PROPRI\u00c9T\u00c9 INTELLECTUELLE ET INDUSTRIELLE<\/b><br \/> Le contenu de ce site est prot\u00e9g\u00e9 par les lois sur la Propri\u00e9t\u00e9 Intellectuelle et Industrielle. Le site Internet, y compris, mais sans s&rsquo;y limiter, sa programmation, son \u00e9dition, sa compilation et les autres \u00e9l\u00e9ments n\u00e9cessaires \u00e0 son fonctionnement, les conceptions, logos, textes et\/ou graphismes sont la propri\u00e9t\u00e9 du responsable du site Internet ou, le cas \u00e9ch\u00e9ant, de licence ou autorisation expresse des auteurs. Quelle que soit la finalit\u00e9 pour laquelle ils ont \u00e9t\u00e9 destin\u00e9s, la reproduction totale ou partielle, l&rsquo;utilisation, l&rsquo;exploitation, la distribution et la commercialisation, n\u00e9cessitent dans tous les cas l&rsquo;autorisation \u00e9crite pr\u00e9alable du Propri\u00e9taire du site. La violation de l&rsquo;un des droits susvis\u00e9s peut constituer une violation des pr\u00e9sentes dispositions, ainsi qu&rsquo;un d\u00e9lit sanctionn\u00e9 par les articles 270 et suivants du Code p\u00e9nal. Les dessins, logos, textes et\/ou graphiques ext\u00e9rieurs au responsable du site Web et pouvant appara\u00eetre sur le site Web appartiennent \u00e0 leurs propri\u00e9taires respectifs, \u00e9tant eux-m\u00eames responsables de toute \u00e9ventuelle controverse pouvant survenir \u00e0 leur \u00e9gard. Dans tous les cas, ils ont l&rsquo;autorisation expresse et pr\u00e9alable de celui-ci. Les r\u00e9clamations pouvant \u00eatre d\u00e9pos\u00e9es par les UTILISATEURS concernant d&rsquo;\u00e9ventuelles violations des droits de propri\u00e9t\u00e9 intellectuelle ou industrielle sur l&rsquo;un des contenus de ce site Web doivent \u00eatre adress\u00e9es \u00e0 l&rsquo;e-mail club@maritimbarcelona.org<\/p>\n<\/p>\n<p><b>4. ACC\u00c8S INTERNET<\/b><br \/>Notre site Web peut \u00eatre visit\u00e9 par tout utilisateur librement et gratuitement. Les donn\u00e9es personnelles que vous nous fournissez seront toujours trait\u00e9es conform\u00e9ment \u00e0 la r\u00e9glementation en vigueur.<\/p>\n<p><b>5. Utilisation appropri\u00e9e du site Web<\/b><\/p>\n<p>L&rsquo;utilisateur s&rsquo;engage \u00e0 utiliser le site Web, le contenu et les services conform\u00e9ment \u00e0 la loi, aux bonnes m\u0153urs et \u00e0 l&rsquo;ordre public.<\/p>\n<p>L&rsquo;UTILISATEUR s&rsquo;engage et s&rsquo;engage \u00e0 :<\/p>\n<ul>\n<li>Ne pas utiliser le site Web ou les services fournis par son interm\u00e9diaire \u00e0 des fins ou pour des effets ill\u00e9gaux ou contraires au contenu du pr\u00e9sent avis juridique qui nuisent aux int\u00e9r\u00eats ou aux droits de tiers, ou qui peuvent endommager, d\u00e9sactiver ou alt\u00e9rer le site Web de quelque mani\u00e8re que ce soit. ou ses services ou emp\u00eacher d&rsquo;autres utilisateurs d&rsquo;utiliser le site Web de mani\u00e8re satisfaisante.<\/li>\n<li>Ne pas d\u00e9truire, alt\u00e9rer, d\u00e9sactiver ou endommager les donn\u00e9es, programmes ou documents<\/li>\n<li>\u00e9lectronique et d&rsquo;autres trouv\u00e9s sur le Web.<\/li>\n<li>N&rsquo;introduisez pas de programmes, virus, macro-instructions, applets ou tout autre dispositif logique ou s\u00e9quence de caract\u00e8res qui provoquent ou peuvent provoquer une quelconque alt\u00e9ration des syst\u00e8mes informatiques du responsable du site Web ou de tiers.<\/li>\n<li>N&rsquo;abusez pas des informations, messages, graphiques, dessins, fichiers sonores et\/ou images, photographies, enregistrements, logiciels et, en g\u00e9n\u00e9ral, tout type de mat\u00e9riel accessible via le site Web ou les services qu&rsquo;il propose.<\/li>\n<li>N&rsquo;introduisez pas d&rsquo;actions, d&rsquo;attitudes ou d&rsquo;id\u00e9es discriminatoires fond\u00e9es sur le sexe, la race, la religion, les croyances, l&rsquo;\u00e2ge ou la condition.<\/li>\n<li>De m\u00eame, le responsable du site Web se r\u00e9serve le droit de refuser ou de retirer l&rsquo;acc\u00e8s au site Web et \/ ou aux services \u00e0 tout moment et sans pr\u00e9avis aux UTILISATEURS qui ne se conforment pas aux pr\u00e9sentes conditions g\u00e9n\u00e9rales.<\/li>\n<\/ul>\n<p><b> <\/b><\/p>\n<p><b>6. R\u00c9GIME DE RESPONSABILIT\u00c9<\/b><br \/> Le responsable du site ne sera pas responsable, directement ou subsidiairement :<\/p>\n<ul>\n<li>La qualit\u00e9 du service, la rapidit\u00e9 d&rsquo;acc\u00e8s, le bon fonctionnement ou la disponibilit\u00e9 ou la continuit\u00e9 de fonctionnement du site.<\/li>\n<li>Qu&rsquo;il y ait des interruptions du service, des retards, des erreurs, un dysfonctionnement de celui-ci et, en g\u00e9n\u00e9ral, d&rsquo;autres inconv\u00e9nients qui ont leur origine dans la cause qui \u00e9chappent au contr\u00f4le du propri\u00e9taire du Web.<\/li>\n<li>Une action malveillante ou coupable de l&rsquo;utilisateur et\/ou a pour cause des causes de force majeure. En tout cas, quelle qu&rsquo;en soit la cause.<\/li>\n<li>Dommages directs ou indirects, \u00e9mergents et\/ou manque \u00e0 gagner.<\/li>\n<li>Le contenu et les opinions de tiers ou les informations contenues dans des sites Web tiers accessibles via des liens ou des moteurs de recherche sur le site Web.<\/li>\n<li>Les dommages qui peuvent \u00eatre caus\u00e9s \u00e0 l&rsquo;\u00e9quipement des UTILISATEURS par d&rsquo;\u00e9ventuels virus informatiques contract\u00e9s en raison de leur navigation sur le site Web ou par tout autre dommage d\u00e9riv\u00e9 de cette navigation.<\/li>\n<li>Du non-respect de la Loi, des bonnes m\u0153urs et des bonnes m\u0153urs g\u00e9n\u00e9ralement accept\u00e9es ou de l&rsquo;ordre public r\u00e9sultant de la transmission, de la diffusion, du stockage, de la mise \u00e0 disposition, de la r\u00e9ception, de l&rsquo;obtention ou de l&rsquo;acc\u00e8s au contenu.<\/li>\n<li>D\u00e9fauts et d\u00e9fauts de toute nature dans le contenu transmis, diffus\u00e9, stock\u00e9 ou mis \u00e0 disposition, le manque de mise \u00e0 jour ou d&rsquo;exactitude de celui-ci, ou leur qualit\u00e9 scientifique dans leur cas.<\/li>\n<li>De m\u00eame, le Propri\u00e9taire ne garantit pas que le site Web et le serveur sont exempts de virus et n&rsquo;est pas responsable des dommages caus\u00e9s par l&rsquo;acc\u00e8s au site Web ou par l&rsquo;impossibilit\u00e9 d&rsquo;y acc\u00e9der.<\/li>\n<li>Le Propri\u00e9taire a le droit, sans aucune compensation pour l&rsquo;Utilisateur pour ces concepts, de suspendre temporairement les services et contenus du site Web pour effectuer des op\u00e9rations de maintenance, d&rsquo;am\u00e9lioration ou de r\u00e9paration.<\/li>\n<\/ul>\n<p><b>7. PROTECTION DES DONN\u00c9ES<br \/><\/b>Conform\u00e9ment aux dispositions de la loi organique 3\/2018 sur la protection des donn\u00e9es personnelles et la garantie des droits num\u00e9riques, nous vous informons que les informations fournies par l&rsquo;utilisateur seront int\u00e9gr\u00e9es dans le syst\u00e8me de traitement appartenant au gestionnaire afin de fournir, rationaliser et remplir les engagements pris entre les deux parties. De m\u00eame, le propri\u00e9taire et gestionnaire informe que les donn\u00e9es seront conserv\u00e9es pendant la dur\u00e9e strictement n\u00e9cessaire au respect des pr\u00e9ceptes mentionn\u00e9s ci-dessus. Pendant que tu. Ne communiquez pas autrement, nous comprendrons que vos donn\u00e9es n&rsquo;ont pas \u00e9t\u00e9 modifi\u00e9es, que vous acceptez de nous signaler toute variation et que nous avons votre consentement pour les utiliser aux fins mentionn\u00e9es. Vous \u00eates inform\u00e9 que vous traiterez les donn\u00e9es de mani\u00e8re licite, loyale, transparente, appropri\u00e9e, pertinente, limit\u00e9e, pr\u00e9cise et \u00e0 jour. C&rsquo;est pourquoi le Gestionnaire s&rsquo;engage \u00e0 prendre toutes les mesures raisonnables pour que celles-ci soient supprim\u00e9es ou rectifi\u00e9es sans d\u00e9lai lorsqu&rsquo;elles sont inexactes. Conform\u00e9ment aux droits conf\u00e9r\u00e9s par la r\u00e9glementation en vigueur sur la protection des donn\u00e9es, l&rsquo;Utilisateur peut exercer les droits d&rsquo;acc\u00e8s, de rectification, de limitation de traitement, de suppression, de portabilit\u00e9 et d&rsquo;opposition au traitement de ses donn\u00e9es \u00e0 caract\u00e8re personnel ainsi que du consentement donn\u00e9 pour le traitement de celui-ci, devant adresser sa demande par \u00e9crit et s&rsquo;identifier suffisamment \u00e0 l&rsquo;adresse mentionn\u00e9e au point 1.<\/p>\n<p>Il peut \u00e9galement s&rsquo;adresser \u00e0 l&rsquo;Autorit\u00e9 de contr\u00f4le pour introduire la r\u00e9clamation qu&rsquo;il juge appropri\u00e9e.<\/p>\n<p><b>8. PUBLICIT\u00c9<\/b><br \/> Conform\u00e9ment aux dispositions de la loi 34\/2002 du 11 juillet sur les services de la soci\u00e9t\u00e9 de l&rsquo;information et le commerce \u00e9lectronique (LSSICE), la politique en mati\u00e8re de courrier \u00e9lectronique se concentre sur l&rsquo;envoi uniquement de communications que l&rsquo;utilisateur a seulement demand\u00e9 d&rsquo;avoir volontairement et express\u00e9ment transf\u00e9r\u00e9es consentement. Si l&rsquo;Utilisateur souhaite recevoir ces communications, il doit envoyer sa demande par \u00e9crit et s&rsquo;identifier suffisamment \u00e0 l&rsquo;adresse e-mail club@maritimbarcelona.org<\/p>\n<p><b>9. L\u00c9GISLATION APPLICABLE ET COMP\u00c9TENCE JUDICIAIRE<\/b><br \/>Ces conditions sont r\u00e9dig\u00e9es en espagnol et sont soumises \u00e0 la l\u00e9gislation espagnole en vigueur. Les Cours et Tribunaux de Barcelone, Espa\u00f1a seront comp\u00e9tents pour tout litige ou pr\u00e9occupation concernant ce site Web.<\/p>\n\t\t\t\t\t\t\t\t<\/div>\n\t\t\t\t<\/div>\n\t\t\t\t\t<\/div>\n\t\t<\/div>\n\t\t\t\t\t<\/div>\n\t\t<\/section>\n\t\t\t\t<\/div>\n\t\t","protected":false},"excerpt":{"rendered":"<p>AVERTISSEMENT JURIDIQUE 1. IDENTIT\u00c9 DU PROPRI\u00c9TAIRE DU SITE REAL CLUB MARITIMO DE BARCELONA avec CIF G08260069, domicili\u00e9 \u00e0 Barcelone (Barcelone), \u00e0 C \/ Moll D\u00b4Espanya s \/ n, et email club@maritimbarcelona.org est le propri\u00e9taire de ce site Web, avec domaine_______________________________________ 2. ACCEPTATION DES CONDITIONS D&rsquo;UTILISATION L&rsquo;utilisation de ce site Internet conf\u00e8re au navigateur, personne physique [&hellip;]<\/p>\n","protected":false},"author":1,"featured_media":0,"parent":0,"menu_order":0,"comment_status":"closed","ping_status":"closed","template":"","meta":{"footnotes":""},"class_list":["post-3416","page","type-page","status-publish","hentry"],"_links":{"self":[{"href":"https:\/\/www.maritimbarcelona.org\/fr\/wp-json\/wp\/v2\/pages\/3416","targetHints":{"allow":["GET"]}}],"collection":[{"href":"https:\/\/www.maritimbarcelona.org\/fr\/wp-json\/wp\/v2\/pages"}],"about":[{"href":"https:\/\/www.maritimbarcelona.org\/fr\/wp-json\/wp\/v2\/types\/page"}],"author":[{"embeddable":true,"href":"https:\/\/www.maritimbarcelona.org\/fr\/wp-json\/wp\/v2\/users\/1"}],"replies":[{"embeddable":true,"href":"https:\/\/www.maritimbarcelona.org\/fr\/wp-json\/wp\/v2\/comments?post=3416"}],"version-history":[{"count":0,"href":"https:\/\/www.maritimbarcelona.org\/fr\/wp-json\/wp\/v2\/pages\/3416\/revisions"}],"wp:attachment":[{"href":"https:\/\/www.maritimbarcelona.org\/fr\/wp-json\/wp\/v2\/media?parent=3416"}],"curies":[{"name":"wp","href":"https:\/\/api.w.org\/{rel}","templated":true}]}}