{"id":3386,"date":"2021-11-22T15:58:41","date_gmt":"2021-11-22T14:58:41","guid":{"rendered":"https:\/\/clubmaritimobarcelona.sitiosendesarrollo.com\/politique-de-confidentialite\/"},"modified":"2021-11-24T19:24:45","modified_gmt":"2021-11-24T18:24:45","slug":"politique-de-confidentialite","status":"publish","type":"page","link":"https:\/\/www.maritimbarcelona.org\/fr\/politique-de-confidentialite\/","title":{"rendered":"Politique de confidentialit\u00e9"},"content":{"rendered":"\t\t<div data-elementor-type=\"wp-page\" data-elementor-id=\"3386\" class=\"elementor elementor-3386 elementor-3358\" data-elementor-post-type=\"page\">\n\t\t\t\t\t\t<section class=\"ob-is-breaking-bad elementor-section elementor-top-section elementor-element elementor-element-9706e84 elementor-section-boxed elementor-section-height-default elementor-section-height-default\" data-id=\"9706e84\" data-element_type=\"section\" data-e-type=\"section\" data-settings=\"{&quot;_ob_bbad_use_it&quot;:&quot;yes&quot;,&quot;_ob_bbad_sssic_use&quot;:&quot;no&quot;,&quot;_ob_glider_is_slider&quot;:&quot;no&quot;}\">\n\t\t\t\t\t\t<div class=\"elementor-container elementor-column-gap-default\">\n\t\t\t\t\t<div class=\"elementor-column elementor-col-100 elementor-top-column elementor-element elementor-element-a1ba853\" data-id=\"a1ba853\" data-element_type=\"column\" data-e-type=\"column\" data-settings=\"{&quot;_ob_bbad_is_stalker&quot;:&quot;no&quot;,&quot;_ob_teleporter_use&quot;:false,&quot;_ob_column_hoveranimator&quot;:&quot;no&quot;,&quot;_ob_column_has_pseudo&quot;:&quot;no&quot;}\">\n\t\t\t<div class=\"elementor-widget-wrap elementor-element-populated\">\n\t\t\t\t\t\t<div class=\"elementor-element elementor-element-ba9f144 ob-harakiri-inherit ob-has-background-overlay elementor-widget elementor-widget-heading\" data-id=\"ba9f144\" data-element_type=\"widget\" data-e-type=\"widget\" data-settings=\"{&quot;_ob_use_harakiri&quot;:&quot;yes&quot;,&quot;_ob_harakiri_writing_mode&quot;:&quot;inherit&quot;,&quot;_ob_harakiri_text_clip&quot;:&quot;none&quot;,&quot;_ob_perspektive_use&quot;:&quot;no&quot;,&quot;_ob_poopart_use&quot;:&quot;yes&quot;,&quot;_ob_shadough_use&quot;:&quot;no&quot;,&quot;_ob_allow_hoveranimator&quot;:&quot;no&quot;,&quot;_ob_widget_stalker_use&quot;:&quot;no&quot;}\" data-widget_type=\"heading.default\">\n\t\t\t\t<div class=\"elementor-widget-container\">\n\t\t\t\t\t<h1 class=\"elementor-heading-title elementor-size-default\">POLITIQUE DE CONFIDENTIALIT\u00c9<\/h1>\t\t\t\t<\/div>\n\t\t\t\t<\/div>\n\t\t\t\t\t<\/div>\n\t\t<\/div>\n\t\t\t\t\t<\/div>\n\t\t<\/section>\n\t\t\t\t<section class=\"ob-is-breaking-bad elementor-section elementor-top-section elementor-element elementor-element-e44029e elementor-section-boxed elementor-section-height-default elementor-section-height-default\" data-id=\"e44029e\" data-element_type=\"section\" data-e-type=\"section\" data-settings=\"{&quot;_ob_bbad_use_it&quot;:&quot;yes&quot;,&quot;_ob_bbad_sssic_use&quot;:&quot;no&quot;,&quot;_ob_glider_is_slider&quot;:&quot;no&quot;}\">\n\t\t\t\t\t\t<div class=\"elementor-container elementor-column-gap-default\">\n\t\t\t\t\t<div class=\"elementor-column elementor-col-100 elementor-top-column elementor-element elementor-element-3760859\" data-id=\"3760859\" data-element_type=\"column\" data-e-type=\"column\" data-settings=\"{&quot;_ob_bbad_is_stalker&quot;:&quot;no&quot;,&quot;_ob_teleporter_use&quot;:false,&quot;_ob_column_hoveranimator&quot;:&quot;no&quot;,&quot;_ob_column_has_pseudo&quot;:&quot;no&quot;}\">\n\t\t\t<div class=\"elementor-widget-wrap elementor-element-populated\">\n\t\t\t\t\t\t<div class=\"elementor-element elementor-element-ef19087 ob-harakiri-inherit ob-has-background-overlay elementor-widget elementor-widget-text-editor\" data-id=\"ef19087\" data-element_type=\"widget\" data-e-type=\"widget\" data-settings=\"{&quot;_ob_use_harakiri&quot;:&quot;yes&quot;,&quot;_ob_harakiri_writing_mode&quot;:&quot;inherit&quot;,&quot;_ob_postman_use&quot;:&quot;no&quot;,&quot;_ob_perspektive_use&quot;:&quot;no&quot;,&quot;_ob_poopart_use&quot;:&quot;yes&quot;,&quot;_ob_shadough_use&quot;:&quot;no&quot;,&quot;_ob_allow_hoveranimator&quot;:&quot;no&quot;,&quot;_ob_widget_stalker_use&quot;:&quot;no&quot;}\" data-widget_type=\"text-editor.default\">\n\t\t\t\t<div class=\"elementor-widget-container\">\n\t\t\t\t\t\t\t\t\t<p>1<b>. IDENTIT\u00c9 DU RESPONSABLE DE TRAITEMENT<\/b><\/p>\n<p><b><br \/>VRAI CLUB MARITIMO DE BARCELONE<\/b>&nbsp;avec CIF G08260069, ci-apr\u00e8s le RESPTTM, domicili\u00e9 \u00e0 Barcelone (Barcelone), \u00e0 C \/ Moll D\u00b4Espanya s \/ n, et email club@maritimbarcelona.org, est le propri\u00e9taire de ce site Web et responsable du traitement des donn\u00e9es personnelles de l&rsquo;utilisateur et l&rsquo;informe que les informations fournies seront trait\u00e9es conform\u00e9ment aux dispositions du r\u00e8glement de l&rsquo;UE sur la protection des donn\u00e9es 679\/2016 et de la loi organique 3\/2018 sur la protection des donn\u00e9es personnelles et la garantie des droits num\u00e9riques), vous informant que:<\/p>\n<p><b>2. OBJECTIFS ET L\u00c9GITIMATION DU TRAITEMENT<\/b><\/p>\n<ul>\n<li>Envoyez des communications informatives et\/ou promotionnelles si vous. Fournissez vos coordonn\u00e9es et votre consentement.<\/li>\n<\/ul>\n<p><b><br \/><\/b><\/p>\n<p><b>3. CONDITIONS DE CONSERVATION<\/b><br \/> Les donn\u00e9es fournies seront conserv\u00e9es jusqu&rsquo;\u00e0 ce que l&rsquo;Utilisateur demande la suppression de ses donn\u00e9es. Une fois que l&rsquo;int\u00e9ress\u00e9 a \u00e9t\u00e9 inform\u00e9 de la suppression de ses donn\u00e9es, celles-ci seront bloqu\u00e9es puis annul\u00e9es dans nos fichiers ou restitu\u00e9es au propri\u00e9taire des donn\u00e9es, selon le cas, du support sur lequel les informations sont collect\u00e9es. , sans conservation de copies de ces informations.<\/p>\n<p><b>4. COMMUNICATION DES DONN\u00c9ES \u00c0 DES TIERS<\/b><br \/>Vos donn\u00e9es ne seront utilis\u00e9es qu&rsquo;aux fins indiqu\u00e9es ci-dessus et ne seront pas transf\u00e9r\u00e9es \u00e0 des tiers, \u00e0 l&rsquo;exception des communications aux autorit\u00e9s, organes ou bureaux des administrations publiques qui ont \u00e9t\u00e9 consenties par l&rsquo;utilisateur ou une personne autoris\u00e9e par lui \u00e0 la ex\u00e9cution ad\u00e9quate des obligations d\u00e9coulant des services fournis, ou qui sont obligatoires ou autoris\u00e9es par la loi.<\/p>\n<p><b>5. OBLIGATION DE CONFIDENTIALIT\u00c9<\/b><br \/> Le RESPTTM garantit la confidentialit\u00e9 des donn\u00e9es personnelles contenues dans ses fichiers et adoptera les mesures r\u00e9glementaires qui emp\u00eachent, dans la mesure du possible, leur alt\u00e9ration, perte, traitement ou acc\u00e8s non autoris\u00e9.<\/p>\n<p><b>6. EXERCICE DES DROITS<\/b><br \/>L&rsquo;Utilisateur a le droit d&rsquo;acc\u00e9der \u00e0 ses donn\u00e9es personnelles, de rectifier des donn\u00e9es inexactes ou de demander leur suppression lorsque les donn\u00e9es ne sont plus n\u00e9cessaires. Dans certains cas, les parties int\u00e9ress\u00e9es peuvent demander la limitation du traitement de leurs donn\u00e9es, auquel cas nous ne les conserverons que pour l&rsquo;exercice ou la d\u00e9fense de r\u00e9clamations. L&rsquo;utilisateur pouvant exercer ses droits doit adresser sa demande par \u00e9crit et en s&rsquo;identifiant suffisamment \u00e0 l&rsquo;adresse e-mail  nbsp; club@maritimbarcelona.org. Vous avez \u00e9galement le droit de retirer votre consentement au traitement de vos donn\u00e9es personnelles \u00e0 tout moment et de soumettre la r\u00e9clamation que vous jugez appropri\u00e9e \u00e0 l&rsquo;Autorit\u00e9 de contr\u00f4le.<\/p>\n\t\t\t\t\t\t\t\t<\/div>\n\t\t\t\t<\/div>\n\t\t\t\t\t<\/div>\n\t\t<\/div>\n\t\t\t\t\t<\/div>\n\t\t<\/section>\n\t\t\t\t<\/div>\n\t\t","protected":false},"excerpt":{"rendered":"<p>POLITIQUE DE CONFIDENTIALIT\u00c9 1. IDENTIT\u00c9 DU RESPONSABLE DE TRAITEMENT VRAI CLUB MARITIMO DE BARCELONE&nbsp;avec CIF G08260069, ci-apr\u00e8s le RESPTTM, domicili\u00e9 \u00e0 Barcelone (Barcelone), \u00e0 C \/ Moll D\u00b4Espanya s \/ n, et email club@maritimbarcelona.org, est le propri\u00e9taire de ce site Web et responsable du traitement des donn\u00e9es personnelles de l&rsquo;utilisateur et l&rsquo;informe que les informations [&hellip;]<\/p>\n","protected":false},"author":1,"featured_media":0,"parent":0,"menu_order":0,"comment_status":"closed","ping_status":"closed","template":"","meta":{"footnotes":""},"class_list":["post-3386","page","type-page","status-publish","hentry"],"_links":{"self":[{"href":"https:\/\/www.maritimbarcelona.org\/fr\/wp-json\/wp\/v2\/pages\/3386","targetHints":{"allow":["GET"]}}],"collection":[{"href":"https:\/\/www.maritimbarcelona.org\/fr\/wp-json\/wp\/v2\/pages"}],"about":[{"href":"https:\/\/www.maritimbarcelona.org\/fr\/wp-json\/wp\/v2\/types\/page"}],"author":[{"embeddable":true,"href":"https:\/\/www.maritimbarcelona.org\/fr\/wp-json\/wp\/v2\/users\/1"}],"replies":[{"embeddable":true,"href":"https:\/\/www.maritimbarcelona.org\/fr\/wp-json\/wp\/v2\/comments?post=3386"}],"version-history":[{"count":0,"href":"https:\/\/www.maritimbarcelona.org\/fr\/wp-json\/wp\/v2\/pages\/3386\/revisions"}],"wp:attachment":[{"href":"https:\/\/www.maritimbarcelona.org\/fr\/wp-json\/wp\/v2\/media?parent=3386"}],"curies":[{"name":"wp","href":"https:\/\/api.w.org\/{rel}","templated":true}]}}