{"id":3376,"date":"2021-11-22T15:57:37","date_gmt":"2021-11-22T14:57:37","guid":{"rendered":"https:\/\/clubmaritimobarcelona.sitiosendesarrollo.com\/politique-de-cookies\/"},"modified":"2021-11-24T19:22:51","modified_gmt":"2021-11-24T18:22:51","slug":"politique-de-cookies","status":"publish","type":"page","link":"https:\/\/www.maritimbarcelona.org\/fr\/politique-de-cookies\/","title":{"rendered":"Politique de cookies"},"content":{"rendered":"\t\t<div data-elementor-type=\"wp-page\" data-elementor-id=\"3376\" class=\"elementor elementor-3376 elementor-3363\" data-elementor-post-type=\"page\">\n\t\t\t\t\t\t<section class=\"ob-is-breaking-bad elementor-section elementor-top-section elementor-element elementor-element-9706e84 elementor-section-boxed elementor-section-height-default elementor-section-height-default\" data-id=\"9706e84\" data-element_type=\"section\" data-e-type=\"section\" data-settings=\"{&quot;_ob_bbad_use_it&quot;:&quot;yes&quot;,&quot;_ob_bbad_sssic_use&quot;:&quot;no&quot;,&quot;_ob_glider_is_slider&quot;:&quot;no&quot;}\">\n\t\t\t\t\t\t<div class=\"elementor-container elementor-column-gap-default\">\n\t\t\t\t\t<div class=\"elementor-column elementor-col-100 elementor-top-column elementor-element elementor-element-a1ba853\" data-id=\"a1ba853\" data-element_type=\"column\" data-e-type=\"column\" data-settings=\"{&quot;_ob_bbad_is_stalker&quot;:&quot;no&quot;,&quot;_ob_teleporter_use&quot;:false,&quot;_ob_column_hoveranimator&quot;:&quot;no&quot;,&quot;_ob_column_has_pseudo&quot;:&quot;no&quot;}\">\n\t\t\t<div class=\"elementor-widget-wrap elementor-element-populated\">\n\t\t\t\t\t\t<div class=\"elementor-element elementor-element-ba9f144 ob-harakiri-inherit ob-has-background-overlay elementor-widget elementor-widget-heading\" data-id=\"ba9f144\" data-element_type=\"widget\" data-e-type=\"widget\" data-settings=\"{&quot;_ob_use_harakiri&quot;:&quot;yes&quot;,&quot;_ob_harakiri_writing_mode&quot;:&quot;inherit&quot;,&quot;_ob_harakiri_text_clip&quot;:&quot;none&quot;,&quot;_ob_perspektive_use&quot;:&quot;no&quot;,&quot;_ob_poopart_use&quot;:&quot;yes&quot;,&quot;_ob_shadough_use&quot;:&quot;no&quot;,&quot;_ob_allow_hoveranimator&quot;:&quot;no&quot;,&quot;_ob_widget_stalker_use&quot;:&quot;no&quot;}\" data-widget_type=\"heading.default\">\n\t\t\t\t<div class=\"elementor-widget-container\">\n\t\t\t\t\t<h1 class=\"elementor-heading-title elementor-size-default\">POLITIQUE DE COOKIES<\/h1>\t\t\t\t<\/div>\n\t\t\t\t<\/div>\n\t\t\t\t\t<\/div>\n\t\t<\/div>\n\t\t\t\t\t<\/div>\n\t\t<\/section>\n\t\t\t\t<section class=\"ob-is-breaking-bad elementor-section elementor-top-section elementor-element elementor-element-e44029e elementor-section-boxed elementor-section-height-default elementor-section-height-default\" data-id=\"e44029e\" data-element_type=\"section\" data-e-type=\"section\" data-settings=\"{&quot;_ob_bbad_use_it&quot;:&quot;yes&quot;,&quot;_ob_bbad_sssic_use&quot;:&quot;no&quot;,&quot;_ob_glider_is_slider&quot;:&quot;no&quot;}\">\n\t\t\t\t\t\t<div class=\"elementor-container elementor-column-gap-default\">\n\t\t\t\t\t<div class=\"elementor-column elementor-col-100 elementor-top-column elementor-element elementor-element-3760859\" data-id=\"3760859\" data-element_type=\"column\" data-e-type=\"column\" data-settings=\"{&quot;_ob_bbad_is_stalker&quot;:&quot;no&quot;,&quot;_ob_teleporter_use&quot;:false,&quot;_ob_column_hoveranimator&quot;:&quot;no&quot;,&quot;_ob_column_has_pseudo&quot;:&quot;no&quot;}\">\n\t\t\t<div class=\"elementor-widget-wrap elementor-element-populated\">\n\t\t\t\t\t\t<div class=\"elementor-element elementor-element-ef19087 ob-harakiri-inherit ob-has-background-overlay elementor-widget elementor-widget-text-editor\" data-id=\"ef19087\" data-element_type=\"widget\" data-e-type=\"widget\" data-settings=\"{&quot;_ob_use_harakiri&quot;:&quot;yes&quot;,&quot;_ob_harakiri_writing_mode&quot;:&quot;inherit&quot;,&quot;_ob_postman_use&quot;:&quot;no&quot;,&quot;_ob_perspektive_use&quot;:&quot;no&quot;,&quot;_ob_poopart_use&quot;:&quot;yes&quot;,&quot;_ob_shadough_use&quot;:&quot;no&quot;,&quot;_ob_allow_hoveranimator&quot;:&quot;no&quot;,&quot;_ob_widget_stalker_use&quot;:&quot;no&quot;}\" data-widget_type=\"text-editor.default\">\n\t\t\t\t<div class=\"elementor-widget-container\">\n\t\t\t\t\t\t\t\t\t<p><b>1. QUE SONT LES COOKIES ?<br \/><\/b>Les cookies sont de petits fichiers qui s&rsquo;installent sur le terminal de l&rsquo;utilisateur lors de la visite d&rsquo;un site Internet afin de stocker des donn\u00e9es pouvant \u00eatre mises \u00e0 jour et r\u00e9cup\u00e9r\u00e9es par le responsable de son installation. Si l&rsquo;utilisateur ne s&rsquo;enregistre pas ou ne laisse pas d&rsquo;informations personnelles sur le site, le serveur saura que quelqu&rsquo;un avec ce cookie est revenu sur le site mais il lui sera impossible d&rsquo;associer la navigation \u00e0 un UTILISATEUR sp\u00e9cifique et identifi\u00e9.<br \/><b><br \/><\/b><\/p>\n<p><b>2. QUELS SONT LES TYPES DE COOKIES ?<\/b><br \/><u>Les cookies, selon leur date d&rsquo;expiration<\/u> , peuvent \u00eatre class\u00e9s comme cookies de session ou permanents. Les premiers expirent lorsque l&rsquo;utilisateur ferme le navigateur tandis que les seconds restent plus longtemps pendant lesquels les donn\u00e9es sont toujours stock\u00e9es dans le terminal et peuvent \u00eatre consult\u00e9es et trait\u00e9es.<\/p>\n<p>Ils peuvent \u00e9galement ; <u>distinguer selon l&rsquo;entit\u00e9<\/u> qui g\u00e8re l&rsquo;ordinateur ou le domaine \u00e0 partir duquel les cookies sont envoy\u00e9s et les donn\u00e9es obtenues sont trait\u00e9es. Dans ce cas, ils sont class\u00e9s en :<\/p>\n<ul>\n<li>Cookies propres : ceux qui sont envoy\u00e9s \u00e0 l&rsquo;\u00e9quipement terminal de l&rsquo;utilisateur \u00e0 partir d&rsquo;un ordinateur ou d&rsquo;un domaine g\u00e9r\u00e9 par le propri\u00e9taire du site Web et \u00e0 partir duquel le service demand\u00e9 par l&rsquo;utilisateur lui-m\u00eame est fourni.<\/li>\n<li>Cookies tiers : ceux qui sont envoy\u00e9s \u00e0 l&rsquo;\u00e9quipement terminal de l&rsquo;Utilisateur \u00e0 partir d&rsquo;un ordinateur ou d&rsquo;un domaine qui n&rsquo;est pas g\u00e9r\u00e9 par le Propri\u00e9taire du site Web, mais par une autre entit\u00e9 qui traite les donn\u00e9es obtenues via les cookies.<\/li>\n<\/ul>\n<p>Les cookies peuvent \u00e9galement \u00eatre <u>class\u00e9s selon leur finalit\u00e9<\/u> et on peut donc parler de :<\/p>\n<ul>\n<li>Cookies techniques : permettent \u00e0 l&rsquo;utilisateur de naviguer sur un site Web, une plate-forme ou une application et d&rsquo;utiliser les diff\u00e9rentes options ou services qui s&rsquo;y trouvent, tels que, par exemple, contr\u00f4ler le trafic et la communication de donn\u00e9es, identifier la session ou effectuer le processus d&rsquo;achat d&rsquo;une commande.<\/li>\n<li>Cookies de personnalisation : ils permettent \u00e0 l&rsquo;utilisateur d&rsquo;acc\u00e9der au service avec certaines caract\u00e9ristiques g\u00e9n\u00e9rales pr\u00e9d\u00e9finies bas\u00e9es sur une s\u00e9rie de crit\u00e8res dans le terminal de l&rsquo;utilisateur tels que la langue ou le type de navigateur.<\/li>\n<li>Cookies analytiques : permettent \u00e0 leur responsable de surveiller et d&rsquo;analyser le comportement des utilisateurs des sites Web auxquels ils sont li\u00e9s. Les informations collect\u00e9es sont utilis\u00e9es pour mesurer l&rsquo;activit\u00e9 des sites Web, des applications ou des plateformes et pour la pr\u00e9paration des profils de navigation des utilisateurs de ces sites, applications et plateformes, afin d&rsquo;introduire des am\u00e9liorations bas\u00e9es sur l&rsquo;analyse des donn\u00e9es effectu\u00e9es par les utilisateurs de la service.<\/li>\n<li>Cookies publicitaires : permettent la gestion, de la mani\u00e8re la plus efficace possible, des espaces publicitaires que, le cas \u00e9ch\u00e9ant, l&rsquo;\u00e9diteur a inclus dans un site Web, une application ou une plate-forme \u00e0 partir de laquelle il fournit le service demand\u00e9 en fonction de crit\u00e8res tels que le contenu \u00e9dit\u00e9 ou comment souvent vos annonces sont diffus\u00e9es.<\/li>\n<\/ul>\n<p><b> <\/b><\/p>\n<p><b>3. COMMENT D\u00c9SACTIVER OU SUPPRIMER LES COOKIES ?<\/b><br \/>L&rsquo;Utilisateur pourra configurer son navigateur pour que les cookies ne soient pas install\u00e9s ou pour recevoir un avertissement \u00e0 l&rsquo;\u00e9cran chaque fois qu&rsquo;un cookie souhaite \u00eatre install\u00e9, pouvant d\u00e9cider \u00e0 tout moment s&rsquo;il souhaite l&rsquo;accepter ou non. De m\u00eame, l&rsquo;utilisateur peut d\u00e9cider ult\u00e9rieurement de supprimer les cookies qu&rsquo;il a install\u00e9s en modifiant les param\u00e8tres de son navigateur ou en les supprimant manuellement via celui-ci. N&rsquo;oubliez pas que la suppression des cookies peut entra\u00eener une diminution de la qualit\u00e9 ou de la fonctionnalit\u00e9 du site Web. Pour effectuer ces op\u00e9rations, vous devez suivre les instructions du navigateur que vous utilisez :<\/p>\n<p>Google Chrome <a href=\"http:\/\/bit.ly\/2yxQv5L\" target=\"_blank\" rel=\"noopener\">http:\/\/bit.ly\/2yxQv5L<\/a><br \/><span style=\"font-size: 1rem;\">Mozilla Firefox<\/span> <a href=\"https:\/\/mzl.la\/2IiAiB6\" target=\"_blank\" rel=\"noopener\">https:\/\/mzl.la\/2IiAiB6<\/a><span style=\"font-size: 1rem;\"><br \/><\/span><span style=\"font-size: 1rem;\">Safari<\/span> <a href=\"https:\/\/apple.co\/2KhESEK\" target=\"_blank\" rel=\"noopener\">https:\/\/apple.co\/2KhESEK<\/a><br \/> <span style=\"font-size: 1rem;\">Internet Explorer<\/span> <a style=\"background-color: #ffffff; font-size: 1rem;\" href=\"http:\/\/bit.ly\/2K5\" target=\"_blank\" rel=\"noopener\">http:\/\/bit.ly\/2K5<\/a><\/p>\n<p><b>4. QUELS COOKIES CE SITE UTILISE-T-IL ?<\/b><br \/>Le site http:\/\/www.maritimbarcelona.org\/ utilise les cookies suivants :<\/p>\n\t\t\t\t\t\t\t\t<\/div>\n\t\t\t\t<\/div>\n\t\t\t\t<div class=\"elementor-element elementor-element-62ed54b ob-has-background-overlay elementor-widget elementor-widget-shortcode\" data-id=\"62ed54b\" data-element_type=\"widget\" data-e-type=\"widget\" data-settings=\"{&quot;_ob_perspektive_use&quot;:&quot;no&quot;,&quot;_ob_poopart_use&quot;:&quot;yes&quot;,&quot;_ob_shadough_use&quot;:&quot;no&quot;,&quot;_ob_allow_hoveranimator&quot;:&quot;no&quot;,&quot;_ob_widget_stalker_use&quot;:&quot;no&quot;}\" data-widget_type=\"shortcode.default\">\n\t\t\t\t<div class=\"elementor-widget-container\">\n\t\t\t\t\t\t\t<div class=\"elementor-shortcode\">\n<table id=\"tablepress-1\" class=\"tablepress tablepress-id-1\">\n<thead>\n<tr class=\"row-1\">\n\t<th class=\"column-1\"><strong style=\"text-align:center\">NOM<\/strong><\/th><th class=\"column-2\"><strong style=\"text-align:center\">DOMINI<\/strong><\/th><th class=\"column-3\"><strong style=\"text-align:center\">FINALITAT<\/strong><\/th><th class=\"column-4\"><strong style=\"text-align:center\">CADUCITAT<\/strong><\/th><th class=\"column-5\"><strong style=\"text-align:center\">TIPO<\/strong><\/th>\n<\/tr>\n<\/thead>\n<tbody class=\"row-striping row-hover\">\n<tr class=\"row-2\">\n\t<td class=\"column-1\">moove_gdpr_popup<\/td><td class=\"column-2\">maritimbarcelona.org<\/td><td class=\"column-3\">Emmagatzema informaci\u00f3 sobre l'estat d'acceptaci\u00f3 de cookies configurades per l'usuari<\/td><td class=\"column-4\">365 dies<\/td><td class=\"column-5\">Funcional<\/td>\n<\/tr>\n<tr class=\"row-3\">\n\t<td class=\"column-1\">wp-wpml_current_language<\/td><td class=\"column-2\">maritimbarcelona.org<\/td><td class=\"column-3\">Emmagatzema informaci\u00f3 sobre l'idioma actual del lloc web<\/td><td class=\"column-4\">Sessi\u00f3<\/td><td class=\"column-5\">Funcional<\/td>\n<\/tr>\n<\/tbody>\n<\/table>\n<\/div>\n\t\t\t\t\t\t<\/div>\n\t\t\t\t<\/div>\n\t\t\t\t\t<\/div>\n\t\t<\/div>\n\t\t\t\t\t<\/div>\n\t\t<\/section>\n\t\t\t\t<\/div>\n\t\t","protected":false},"excerpt":{"rendered":"<p>POLITIQUE DE COOKIES 1. QUE SONT LES COOKIES ?Les cookies sont de petits fichiers qui s&rsquo;installent sur le terminal de l&rsquo;utilisateur lors de la visite d&rsquo;un site Internet afin de stocker des donn\u00e9es pouvant \u00eatre mises \u00e0 jour et r\u00e9cup\u00e9r\u00e9es par le responsable de son installation. Si l&rsquo;utilisateur ne s&rsquo;enregistre pas ou ne laisse pas [&hellip;]<\/p>\n","protected":false},"author":1,"featured_media":0,"parent":0,"menu_order":0,"comment_status":"closed","ping_status":"closed","template":"","meta":{"footnotes":""},"class_list":["post-3376","page","type-page","status-publish","hentry"],"_links":{"self":[{"href":"https:\/\/www.maritimbarcelona.org\/fr\/wp-json\/wp\/v2\/pages\/3376","targetHints":{"allow":["GET"]}}],"collection":[{"href":"https:\/\/www.maritimbarcelona.org\/fr\/wp-json\/wp\/v2\/pages"}],"about":[{"href":"https:\/\/www.maritimbarcelona.org\/fr\/wp-json\/wp\/v2\/types\/page"}],"author":[{"embeddable":true,"href":"https:\/\/www.maritimbarcelona.org\/fr\/wp-json\/wp\/v2\/users\/1"}],"replies":[{"embeddable":true,"href":"https:\/\/www.maritimbarcelona.org\/fr\/wp-json\/wp\/v2\/comments?post=3376"}],"version-history":[{"count":0,"href":"https:\/\/www.maritimbarcelona.org\/fr\/wp-json\/wp\/v2\/pages\/3376\/revisions"}],"wp:attachment":[{"href":"https:\/\/www.maritimbarcelona.org\/fr\/wp-json\/wp\/v2\/media?parent=3376"}],"curies":[{"name":"wp","href":"https:\/\/api.w.org\/{rel}","templated":true}]}}