{"id":12117,"date":"2024-01-22T12:42:04","date_gmt":"2024-01-22T11:42:04","guid":{"rendered":"https:\/\/www.maritimbarcelona.org\/plus-maritime\/"},"modified":"2024-01-22T12:42:04","modified_gmt":"2024-01-22T11:42:04","slug":"plus-maritime","status":"publish","type":"page","link":"https:\/\/www.maritimbarcelona.org\/fr\/plus-maritime\/","title":{"rendered":"PLUS MARITIME"},"content":{"rendered":"\n<p class=\"has-text-align-center\">Vous souhaitez acheter les v\u00eatements officiels du Club ? Vous l&rsquo;avez d\u00e9j\u00e0 \u00e0 votre disposition :<\/p>\n\n<div class=\"wp-block-buttons is-content-justification-center is-layout-flex wp-container-core-buttons-is-layout-a89b3969 wp-block-buttons-is-layout-flex\">\n<div class=\"wp-block-button has-custom-font-size is-style-outline has-medium-font-size is-style-outline--2\"><a class=\"wp-block-button__link has-vivid-cyan-blue-color has-white-background-color has-text-color has-background wp-element-button\" href=\"https:\/\/oscartrives.com\/real-club-maritimo-barcelona-en-construccion\/?lang=ca\" target=\"_blank\" rel=\"noreferrer noopener\">LA BOUTIQUE MARITIME<\/a><\/div>\n<\/div>\n\n<p><\/p>\n\n<p class=\"has-text-align-center\">Chez Mar\u00edtim, nous nous inspirons des histoires de nos partenaires. D\u00e9couvrez-les : <a rel=\"noreferrer noopener\" href=\"https:\/\/www.nowness.com\/story\/point-nemo-guille-cascante\" target=\"_blank\"><\/a><\/p>\n\n<div class=\"wp-block-buttons is-content-justification-center is-layout-flex wp-container-core-buttons-is-layout-749adb30 wp-block-buttons-is-layout-flex\">\n<div class=\"wp-block-button has-custom-font-size is-style-outline has-medium-font-size is-style-outline--3\"><a class=\"wp-block-button__link has-vivid-cyan-blue-color has-text-color wp-element-button\" href=\"https:\/\/www.maritimbarcelona.org\/fr\/histoires-de-mer\/\">HISTOIRES DE MER<\/a><\/div>\n<\/div>\n\n<p>   <\/p>\n\n<p><\/p>\n\n<figure class=\"wp-block-image aligncenter size-large is-resized\"><img fetchpriority=\"high\" decoding=\"async\" src=\"https:\/\/www.maritimbarcelona.org\/wp-content\/uploads\/2023\/03\/2-1024x282.jpg\" alt=\"\" class=\"wp-image-10794\" width=\"607\" height=\"167\" srcset=\"https:\/\/www.maritimbarcelona.org\/wp-content\/uploads\/2023\/03\/2-1024x282.jpg 1024w, https:\/\/www.maritimbarcelona.org\/wp-content\/uploads\/2023\/03\/2-300x83.jpg 300w, https:\/\/www.maritimbarcelona.org\/wp-content\/uploads\/2023\/03\/2-768x211.jpg 768w, https:\/\/www.maritimbarcelona.org\/wp-content\/uploads\/2023\/03\/2-1536x423.jpg 1536w, https:\/\/www.maritimbarcelona.org\/wp-content\/uploads\/2023\/03\/2-1320x363.jpg 1320w, https:\/\/www.maritimbarcelona.org\/wp-content\/uploads\/2023\/03\/2.jpg 1700w\" sizes=\"(max-width: 607px) 100vw, 607px\" \/><\/figure>\n\n<p><\/p>\n","protected":false},"excerpt":{"rendered":"<p>Vous souhaitez acheter les v\u00eatements officiels du Club ? Vous l&rsquo;avez d\u00e9j\u00e0 \u00e0 votre disposition : Chez Mar\u00edtim, nous nous inspirons des histoires de nos partenaires. D\u00e9couvrez-les :<\/p>\n","protected":false},"author":9,"featured_media":0,"parent":0,"menu_order":0,"comment_status":"closed","ping_status":"closed","template":"elementor_header_footer","meta":{"footnotes":""},"class_list":["post-12117","page","type-page","status-publish","hentry"],"_links":{"self":[{"href":"https:\/\/www.maritimbarcelona.org\/fr\/wp-json\/wp\/v2\/pages\/12117","targetHints":{"allow":["GET"]}}],"collection":[{"href":"https:\/\/www.maritimbarcelona.org\/fr\/wp-json\/wp\/v2\/pages"}],"about":[{"href":"https:\/\/www.maritimbarcelona.org\/fr\/wp-json\/wp\/v2\/types\/page"}],"author":[{"embeddable":true,"href":"https:\/\/www.maritimbarcelona.org\/fr\/wp-json\/wp\/v2\/users\/9"}],"replies":[{"embeddable":true,"href":"https:\/\/www.maritimbarcelona.org\/fr\/wp-json\/wp\/v2\/comments?post=12117"}],"version-history":[{"count":1,"href":"https:\/\/www.maritimbarcelona.org\/fr\/wp-json\/wp\/v2\/pages\/12117\/revisions"}],"predecessor-version":[{"id":12118,"href":"https:\/\/www.maritimbarcelona.org\/fr\/wp-json\/wp\/v2\/pages\/12117\/revisions\/12118"}],"wp:attachment":[{"href":"https:\/\/www.maritimbarcelona.org\/fr\/wp-json\/wp\/v2\/media?parent=12117"}],"curies":[{"name":"wp","href":"https:\/\/api.w.org\/{rel}","templated":true}]}}