{"id":3382,"date":"2021-11-22T15:58:27","date_gmt":"2021-11-22T14:58:27","guid":{"rendered":"https:\/\/clubmaritimobarcelona.sitiosendesarrollo.com\/politica-de-privacidad\/"},"modified":"2021-11-24T19:24:31","modified_gmt":"2021-11-24T18:24:31","slug":"politica-de-privacidad","status":"publish","type":"page","link":"https:\/\/www.maritimbarcelona.org\/es\/politica-de-privacidad\/","title":{"rendered":"Pol\u00edtica de privacidad"},"content":{"rendered":"\t\t<div data-elementor-type=\"wp-page\" data-elementor-id=\"3382\" class=\"elementor elementor-3382 elementor-3358\" data-elementor-post-type=\"page\">\n\t\t\t\t\t\t<section class=\"ob-is-breaking-bad elementor-section elementor-top-section elementor-element elementor-element-9706e84 elementor-section-boxed elementor-section-height-default elementor-section-height-default\" data-id=\"9706e84\" data-element_type=\"section\" data-e-type=\"section\" data-settings=\"{&quot;_ob_bbad_use_it&quot;:&quot;yes&quot;,&quot;_ob_bbad_sssic_use&quot;:&quot;no&quot;,&quot;_ob_glider_is_slider&quot;:&quot;no&quot;}\">\n\t\t\t\t\t\t<div class=\"elementor-container elementor-column-gap-default\">\n\t\t\t\t\t<div class=\"elementor-column elementor-col-100 elementor-top-column elementor-element elementor-element-a1ba853\" data-id=\"a1ba853\" data-element_type=\"column\" data-e-type=\"column\" data-settings=\"{&quot;_ob_bbad_is_stalker&quot;:&quot;no&quot;,&quot;_ob_teleporter_use&quot;:false,&quot;_ob_column_hoveranimator&quot;:&quot;no&quot;,&quot;_ob_column_has_pseudo&quot;:&quot;no&quot;}\">\n\t\t\t<div class=\"elementor-widget-wrap elementor-element-populated\">\n\t\t\t\t\t\t<div class=\"elementor-element elementor-element-ba9f144 ob-harakiri-inherit ob-has-background-overlay elementor-widget elementor-widget-heading\" data-id=\"ba9f144\" data-element_type=\"widget\" data-e-type=\"widget\" data-settings=\"{&quot;_ob_use_harakiri&quot;:&quot;yes&quot;,&quot;_ob_harakiri_writing_mode&quot;:&quot;inherit&quot;,&quot;_ob_harakiri_text_clip&quot;:&quot;none&quot;,&quot;_ob_perspektive_use&quot;:&quot;no&quot;,&quot;_ob_poopart_use&quot;:&quot;yes&quot;,&quot;_ob_shadough_use&quot;:&quot;no&quot;,&quot;_ob_allow_hoveranimator&quot;:&quot;no&quot;,&quot;_ob_widget_stalker_use&quot;:&quot;no&quot;}\" data-widget_type=\"heading.default\">\n\t\t\t\t<div class=\"elementor-widget-container\">\n\t\t\t\t\t<h1 class=\"elementor-heading-title elementor-size-default\">POL\u00cdTICA DE PRIVACIDAD<\/h1>\t\t\t\t<\/div>\n\t\t\t\t<\/div>\n\t\t\t\t\t<\/div>\n\t\t<\/div>\n\t\t\t\t\t<\/div>\n\t\t<\/section>\n\t\t\t\t<section class=\"ob-is-breaking-bad elementor-section elementor-top-section elementor-element elementor-element-e44029e elementor-section-boxed elementor-section-height-default elementor-section-height-default\" data-id=\"e44029e\" data-element_type=\"section\" data-e-type=\"section\" data-settings=\"{&quot;_ob_bbad_use_it&quot;:&quot;yes&quot;,&quot;_ob_bbad_sssic_use&quot;:&quot;no&quot;,&quot;_ob_glider_is_slider&quot;:&quot;no&quot;}\">\n\t\t\t\t\t\t<div class=\"elementor-container elementor-column-gap-default\">\n\t\t\t\t\t<div class=\"elementor-column elementor-col-100 elementor-top-column elementor-element elementor-element-3760859\" data-id=\"3760859\" data-element_type=\"column\" data-e-type=\"column\" data-settings=\"{&quot;_ob_bbad_is_stalker&quot;:&quot;no&quot;,&quot;_ob_teleporter_use&quot;:false,&quot;_ob_column_hoveranimator&quot;:&quot;no&quot;,&quot;_ob_column_has_pseudo&quot;:&quot;no&quot;}\">\n\t\t\t<div class=\"elementor-widget-wrap elementor-element-populated\">\n\t\t\t\t\t\t<div class=\"elementor-element elementor-element-ef19087 ob-harakiri-inherit ob-has-background-overlay elementor-widget elementor-widget-text-editor\" data-id=\"ef19087\" data-element_type=\"widget\" data-e-type=\"widget\" data-settings=\"{&quot;_ob_use_harakiri&quot;:&quot;yes&quot;,&quot;_ob_harakiri_writing_mode&quot;:&quot;inherit&quot;,&quot;_ob_postman_use&quot;:&quot;no&quot;,&quot;_ob_perspektive_use&quot;:&quot;no&quot;,&quot;_ob_poopart_use&quot;:&quot;yes&quot;,&quot;_ob_shadough_use&quot;:&quot;no&quot;,&quot;_ob_allow_hoveranimator&quot;:&quot;no&quot;,&quot;_ob_widget_stalker_use&quot;:&quot;no&quot;}\" data-widget_type=\"text-editor.default\">\n\t\t\t\t<div class=\"elementor-widget-container\">\n\t\t\t\t\t\t\t\t\t<p>1<b>. IDENTIDAD DEL RESPONSABLE DEL TRATAMIENTO<\/b><\/p>\n<p><b><br \/>REAL CLUB MARITIMO DE BARCELONA<\/b>&nbsp;con CIF G08260069, en adelante el RESPTTM, con domicilio en Barcelona (Barcelona), en C\/ Muelle de Espa\u00f1a s\/n, y correo electr\u00f3nico club@maritimbarcelona.org, es el titular de esta Web y Responsable del Tratamiento de Datos Personales del Usuario y le informa de que la informaci\u00f3n facilitada ser\u00e1 tratada de conformidad con lo dispuesto en el Reglamento UE de Protecci\u00f3n de Datos 679\/2016 y la Ley Org\u00e1nica 3\/2018 de Protecci\u00f3n de datos Personales y garant\u00eda de los derechos digitales), inform\u00e1ndole que:<\/p>\n<p><b>2. FINALIDADES Y LEGITIMACI\u00d3N DEL TRATAMIENTO<\/b><\/p>\n<ul>\n<li>Enviarle comunicaciones informativas y\/o promocionales si Vd. Facilita sus datos de contacto y consentimiento.<\/li>\n<\/ul>\n<p><b><br \/><\/b><\/p>\n<p><b>3. PLAZOS DE CONSERVACI\u00d3N<\/b><br \/> Los datos proporcionados se conservar\u00e1n hasta que el Usuario solicite la supresi\u00f3n de sus datos. Una vez comunicada por parte del interesado la supresi\u00f3n de sus datos, se proceder\u00e1 a su bloqueo y posterior cancelaci\u00f3n en nuestros ficheros o devoluci\u00f3n al titular de los datos, seg\u00fan el caso, de los soportes en los que se recoja la informaci\u00f3n facilitada, sin que se admita la conservaci\u00f3n de copias de esta informaci\u00f3n.<\/p>\n<p><b>4. COMUNICACI\u00d3N DE LOS DATOS A TERCEROS<\/b><br \/>Sus datos \u00fanicamente ser\u00e1n utilizados para los fines antes se\u00f1alados y no ser\u00e1n cedidos a terceros, salvo aquellas comunicaciones a las autoridades, organismos u oficinas de las administraciones p\u00fablicas que fueran consentidas por el Usuario o persona autorizada por \u00e9l\/ella para el adecuado cumplimiento de las obligaciones nacidas de los servicios prestados, o que resulten preceptivas o autorizadas por ley.<\/p>\n<p><b>5. DEBER DE CONFIDENCIALIDAD<\/b><br \/> El RESPTTM garantiza la confidencialidad de los datos personales que consten en sus ficheros y adoptar\u00e1 las medidas reglamentarias que eviten, en la medida de lo posible, su alteraci\u00f3n, p\u00e9rdida, tratamiento o acceso no autorizado.<\/p>\n<p><b>6. EJERCICIO DE DERECHOS<\/b><br \/>El Usuario tiene derecho a acceder a sus datos personales, rectificar los datos inexactos o solicitar su supresi\u00f3n cuando los datos ya no sean necesarios. En determinadas ocasiones los interesados podr\u00e1n solicitar la limitaci\u00f3n del tratamiento de sus datos, en cuyo caso \u00fanicamente los conservaremos para el ejercicio o la defensa de reclamaciones. El usuario puede ejercitar sus derechos debe dirigir su petici\u00f3n por escrito e identific\u00e1ndose lo suficiente en la direcci\u00f3n electr\u00f3nica &amp; nbsp; club@maritimbarcelona.org. Tambi\u00e9n tiene derecho a retirar su consentimiento al tratamiento de sus datos personales en cualquier momento ya presentar la reclamaci\u00f3n que estime oportuna ante la Autoridad de Control.<\/p>\n\t\t\t\t\t\t\t\t<\/div>\n\t\t\t\t<\/div>\n\t\t\t\t\t<\/div>\n\t\t<\/div>\n\t\t\t\t\t<\/div>\n\t\t<\/section>\n\t\t\t\t<\/div>\n\t\t","protected":false},"excerpt":{"rendered":"<p>POL\u00cdTICA DE PRIVACIDAD 1. IDENTIDAD DEL RESPONSABLE DEL TRATAMIENTO REAL CLUB MARITIMO DE BARCELONA&nbsp;con CIF G08260069, en adelante el RESPTTM, con domicilio en Barcelona (Barcelona), en C\/ Muelle de Espa\u00f1a s\/n, y correo electr\u00f3nico club@maritimbarcelona.org, es el titular de esta Web y Responsable del Tratamiento de Datos Personales del Usuario y le informa de que [&hellip;]<\/p>\n","protected":false},"author":1,"featured_media":0,"parent":0,"menu_order":0,"comment_status":"closed","ping_status":"closed","template":"","meta":{"footnotes":""},"class_list":["post-3382","page","type-page","status-publish","hentry"],"_links":{"self":[{"href":"https:\/\/www.maritimbarcelona.org\/es\/wp-json\/wp\/v2\/pages\/3382","targetHints":{"allow":["GET"]}}],"collection":[{"href":"https:\/\/www.maritimbarcelona.org\/es\/wp-json\/wp\/v2\/pages"}],"about":[{"href":"https:\/\/www.maritimbarcelona.org\/es\/wp-json\/wp\/v2\/types\/page"}],"author":[{"embeddable":true,"href":"https:\/\/www.maritimbarcelona.org\/es\/wp-json\/wp\/v2\/users\/1"}],"replies":[{"embeddable":true,"href":"https:\/\/www.maritimbarcelona.org\/es\/wp-json\/wp\/v2\/comments?post=3382"}],"version-history":[{"count":0,"href":"https:\/\/www.maritimbarcelona.org\/es\/wp-json\/wp\/v2\/pages\/3382\/revisions"}],"wp:attachment":[{"href":"https:\/\/www.maritimbarcelona.org\/es\/wp-json\/wp\/v2\/media?parent=3382"}],"curies":[{"name":"wp","href":"https:\/\/api.w.org\/{rel}","templated":true}]}}