{"id":3374,"date":"2021-11-22T15:57:06","date_gmt":"2021-11-22T14:57:06","guid":{"rendered":"https:\/\/clubmaritimobarcelona.sitiosendesarrollo.com\/politica-de-cookies\/"},"modified":"2021-11-24T19:23:08","modified_gmt":"2021-11-24T18:23:08","slug":"politica-de-cookies","status":"publish","type":"page","link":"https:\/\/www.maritimbarcelona.org\/es\/politica-de-cookies\/","title":{"rendered":"Pol\u00edtica de cookies"},"content":{"rendered":"\t\t<div data-elementor-type=\"wp-page\" data-elementor-id=\"3374\" class=\"elementor elementor-3374 elementor-3363\" data-elementor-post-type=\"page\">\n\t\t\t\t\t\t<section class=\"ob-is-breaking-bad elementor-section elementor-top-section elementor-element elementor-element-9706e84 elementor-section-boxed elementor-section-height-default elementor-section-height-default\" data-id=\"9706e84\" data-element_type=\"section\" data-e-type=\"section\" data-settings=\"{&quot;_ob_bbad_use_it&quot;:&quot;yes&quot;,&quot;_ob_bbad_sssic_use&quot;:&quot;no&quot;,&quot;_ob_glider_is_slider&quot;:&quot;no&quot;}\">\n\t\t\t\t\t\t<div class=\"elementor-container elementor-column-gap-default\">\n\t\t\t\t\t<div class=\"elementor-column elementor-col-100 elementor-top-column elementor-element elementor-element-a1ba853\" data-id=\"a1ba853\" data-element_type=\"column\" data-e-type=\"column\" data-settings=\"{&quot;_ob_bbad_is_stalker&quot;:&quot;no&quot;,&quot;_ob_teleporter_use&quot;:false,&quot;_ob_column_hoveranimator&quot;:&quot;no&quot;,&quot;_ob_column_has_pseudo&quot;:&quot;no&quot;}\">\n\t\t\t<div class=\"elementor-widget-wrap elementor-element-populated\">\n\t\t\t\t\t\t<div class=\"elementor-element elementor-element-ba9f144 ob-harakiri-inherit ob-has-background-overlay elementor-widget elementor-widget-heading\" data-id=\"ba9f144\" data-element_type=\"widget\" data-e-type=\"widget\" data-settings=\"{&quot;_ob_use_harakiri&quot;:&quot;yes&quot;,&quot;_ob_harakiri_writing_mode&quot;:&quot;inherit&quot;,&quot;_ob_harakiri_text_clip&quot;:&quot;none&quot;,&quot;_ob_perspektive_use&quot;:&quot;no&quot;,&quot;_ob_poopart_use&quot;:&quot;yes&quot;,&quot;_ob_shadough_use&quot;:&quot;no&quot;,&quot;_ob_allow_hoveranimator&quot;:&quot;no&quot;,&quot;_ob_widget_stalker_use&quot;:&quot;no&quot;}\" data-widget_type=\"heading.default\">\n\t\t\t\t<div class=\"elementor-widget-container\">\n\t\t\t\t\t<h1 class=\"elementor-heading-title elementor-size-default\">Pol\u00edtica de cookies<\/h1>\t\t\t\t<\/div>\n\t\t\t\t<\/div>\n\t\t\t\t\t<\/div>\n\t\t<\/div>\n\t\t\t\t\t<\/div>\n\t\t<\/section>\n\t\t\t\t<section class=\"ob-is-breaking-bad elementor-section elementor-top-section elementor-element elementor-element-e44029e elementor-section-boxed elementor-section-height-default elementor-section-height-default\" data-id=\"e44029e\" data-element_type=\"section\" data-e-type=\"section\" data-settings=\"{&quot;_ob_bbad_use_it&quot;:&quot;yes&quot;,&quot;_ob_bbad_sssic_use&quot;:&quot;no&quot;,&quot;_ob_glider_is_slider&quot;:&quot;no&quot;}\">\n\t\t\t\t\t\t<div class=\"elementor-container elementor-column-gap-default\">\n\t\t\t\t\t<div class=\"elementor-column elementor-col-100 elementor-top-column elementor-element elementor-element-3760859\" data-id=\"3760859\" data-element_type=\"column\" data-e-type=\"column\" data-settings=\"{&quot;_ob_bbad_is_stalker&quot;:&quot;no&quot;,&quot;_ob_teleporter_use&quot;:false,&quot;_ob_column_hoveranimator&quot;:&quot;no&quot;,&quot;_ob_column_has_pseudo&quot;:&quot;no&quot;}\">\n\t\t\t<div class=\"elementor-widget-wrap elementor-element-populated\">\n\t\t\t\t\t\t<div class=\"elementor-element elementor-element-ef19087 ob-harakiri-inherit ob-has-background-overlay elementor-widget elementor-widget-text-editor\" data-id=\"ef19087\" data-element_type=\"widget\" data-e-type=\"widget\" data-settings=\"{&quot;_ob_use_harakiri&quot;:&quot;yes&quot;,&quot;_ob_harakiri_writing_mode&quot;:&quot;inherit&quot;,&quot;_ob_postman_use&quot;:&quot;no&quot;,&quot;_ob_perspektive_use&quot;:&quot;no&quot;,&quot;_ob_poopart_use&quot;:&quot;yes&quot;,&quot;_ob_shadough_use&quot;:&quot;no&quot;,&quot;_ob_allow_hoveranimator&quot;:&quot;no&quot;,&quot;_ob_widget_stalker_use&quot;:&quot;no&quot;}\" data-widget_type=\"text-editor.default\">\n\t\t\t\t<div class=\"elementor-widget-container\">\n\t\t\t\t\t\t\t\t\t<p><b>1. \u00bfQU\u00c9 SON LAS COOKIES?<br \/><\/b>Las cookies son peque\u00f1os archivos que se instalan en el terminal del usuario al visitar un sitio web con el fin de almacenar datos que podr\u00e1n ser actualizados y recuperados por el responsable de su instalaci\u00f3n. Si el usuario no se registra ni deja informaci\u00f3n personal en el sitio, el servidor tendr\u00e1 conocimiento de que alguien con esta cookie volvi\u00f3 al sitio web pero le ser\u00e1 imposible asociar la navegaci\u00f3n a un USUARIO concreto e identificado.<br \/><b><br \/><\/b><\/p>\n<p><b>2. \u00bfQU\u00c9 CLASES DE COOKIES HAY?<\/b><br \/>Las <u>galletas, en funci\u00f3n de su caducidad<\/u> , pueden clasificarse en Cookies de sesi\u00f3n o permanentes. Las primeras expiran cuando el usuario cierra el navegador mientras que las segundas permanecen por un tiempo superior durante el cual los datos siguen almacenados en el terminal y pueden ser accedidos y tratados.<\/p>\n<p>Tambi\u00e9n se pueden; <u>distinguir seg\u00fan la entidad<\/u> que gestione el equipo o dominio desde donde se env\u00edan las cookies y se traten los datos que se obtengan. En este caso, se clasifican como:<\/p>\n<ul>\n<li>Cookies propias: aquellas que se env\u00edan al equipo terminal del Usuario desde un equipo o dominio gestionado por el Titular de la web y desde el que se presta el servicio solicitado por el propio Usuario.<\/li>\n<li>Cookies de tercero: aquellas que son enviadas al equipo terminal del Usuario desde un equipo o dominio que no es gestionado por el Titular de la web, sino por otra entidad que trata los datos obtenidos a trav\u00e9s de las cookies.<\/li>\n<\/ul>\n<p>Las cookies tambi\u00e9n se pueden <u>clasificar en funci\u00f3n de su objetivo<\/u> y por tanto podemos hablar de:<\/p>\n<ul>\n<li>Cookies T\u00e9cnicas: permiten al Usuario la navegaci\u00f3n a trav\u00e9s de una p\u00e1gina web, plataforma o aplicaci\u00f3n y la utilizaci\u00f3n de las diferentes opciones o servicios que en ella haya como, por ejemplo, controlar el tr\u00e1fico y la comunicaci\u00f3n de datos, identificar la sesi\u00f3n o realizar el proceso de compra de un pedido.<\/li>\n<li>Cookies de personalizaci\u00f3n: permiten al Usuario acceder al servicio con algunas caracter\u00edsticas de car\u00e1cter general predefinidas en funci\u00f3n de una serie de criterios en el terminal del usuario como el idioma o el tipo de navegador.<\/li>\n<li>Cookies Anal\u00edticas: permiten al responsable de las mismas, el seguimiento y an\u00e1lisis del comportamiento de los usuarios de los sitios web a los que est\u00e1n vinculadas. La informaci\u00f3n recogida se utiliza en la medici\u00f3n de la actividad de los sitios web, aplicaci\u00f3n o plataforma y para la elaboraci\u00f3n de perfiles de navegaci\u00f3n de los usuarios de estos sitios, aplicaciones y plataformas, a fin de introducir mejoras en funci\u00f3n de el an\u00e1lisis de los datos que realizan los usuarios del servicio.<\/li>\n<li>Cookies Publicitarias: permiten la gesti\u00f3n, de la forma m\u00e1s eficaz posible de los espacios publicitarios que, en su caso, el editor haya incluido en una p\u00e1gina web, aplicaci\u00f3n o plataforma desde la que presta el servicio solicitado en base a criterios como el contenido editado o la frecuencia en la que se muestran los anuncios.<\/li>\n<\/ul>\n<p><b> <\/b><\/p>\n<p><b>3. \u00bfC\u00d3MO DESACTIVAR O ELIMINAR COOKIES?<\/b><br \/>El Usuario podr\u00e1 configurar su navegador para que no se instalen cookies o para recibir un aviso en pantalla cada vez que una cookie quiera instalarse, pudiendo decidir en cada momento si la desea aceptar o no. Igualmente el usuario podr\u00e1 decidir posteriormente eliminar las cookies que tenga instaladas cambiando la configuraci\u00f3n de su navegador o elimin\u00e1ndolas manualmente a trav\u00e9s del mismo. Recuerde que la eliminaci\u00f3n de las cookies puede suponer una disminuci\u00f3n en la calidad o en las funcionalidades de la p\u00e1gina web. Para realizar estas operaciones, debe seguir las indicaciones del navegador que usted utilice:<\/p>\n<p>Google Chrome <a href=\"http:\/\/bit.ly\/2yxQv5L\" target=\"_blank\" rel=\"noopener\">http:\/\/bit.ly\/2yxQv5L<\/a><br \/><span style=\"font-size: 1rem;\">Mozilla Firefox<\/span> <a href=\"https:\/\/mzl.la\/2IiAiB6\" target=\"_blank\" rel=\"noopener\">https:\/\/mzl.la\/2IiAiB6<\/a><span style=\"font-size: 1rem;\"><br \/><\/span><span style=\"font-size: 1rem;\">Safari<\/span> <a href=\"https:\/\/apple.co\/2KhESEK\" target=\"_blank\" rel=\"noopener\">https:\/\/apple.co\/2KhESEK<\/a><br \/> <span style=\"font-size: 1rem;\">Internet Explorer<\/span> <a style=\"background-color: #ffffff; font-size: 1rem;\" href=\"http:\/\/bit.ly\/2K5\" target=\"_blank\" rel=\"noopener\">http:\/\/bit.ly\/2K5<\/a><\/p>\n<p><b>4. \u00bfQU\u00c9 COOKIES USA ESTE SITIO WEB?<\/b><br \/>El sitio web http:\/\/www.maritimbarcelona.org\/ utiliza las siguientes Cookies:<\/p>\n\t\t\t\t\t\t\t\t<\/div>\n\t\t\t\t<\/div>\n\t\t\t\t<div class=\"elementor-element elementor-element-62ed54b ob-has-background-overlay elementor-widget elementor-widget-shortcode\" data-id=\"62ed54b\" data-element_type=\"widget\" data-e-type=\"widget\" data-settings=\"{&quot;_ob_perspektive_use&quot;:&quot;no&quot;,&quot;_ob_poopart_use&quot;:&quot;yes&quot;,&quot;_ob_shadough_use&quot;:&quot;no&quot;,&quot;_ob_allow_hoveranimator&quot;:&quot;no&quot;,&quot;_ob_widget_stalker_use&quot;:&quot;no&quot;}\" data-widget_type=\"shortcode.default\">\n\t\t\t\t<div class=\"elementor-widget-container\">\n\t\t\t\t\t\t\t<div class=\"elementor-shortcode\">\n<table id=\"tablepress-1\" class=\"tablepress tablepress-id-1\">\n<thead>\n<tr class=\"row-1\">\n\t<th class=\"column-1\"><strong style=\"text-align:center\">NOM<\/strong><\/th><th class=\"column-2\"><strong style=\"text-align:center\">DOMINI<\/strong><\/th><th class=\"column-3\"><strong style=\"text-align:center\">FINALITAT<\/strong><\/th><th class=\"column-4\"><strong style=\"text-align:center\">CADUCITAT<\/strong><\/th><th class=\"column-5\"><strong style=\"text-align:center\">TIPO<\/strong><\/th>\n<\/tr>\n<\/thead>\n<tbody class=\"row-striping row-hover\">\n<tr class=\"row-2\">\n\t<td class=\"column-1\">moove_gdpr_popup<\/td><td class=\"column-2\">maritimbarcelona.org<\/td><td class=\"column-3\">Emmagatzema informaci\u00f3 sobre l'estat d'acceptaci\u00f3 de cookies configurades per l'usuari<\/td><td class=\"column-4\">365 dies<\/td><td class=\"column-5\">Funcional<\/td>\n<\/tr>\n<tr class=\"row-3\">\n\t<td class=\"column-1\">wp-wpml_current_language<\/td><td class=\"column-2\">maritimbarcelona.org<\/td><td class=\"column-3\">Emmagatzema informaci\u00f3 sobre l'idioma actual del lloc web<\/td><td class=\"column-4\">Sessi\u00f3<\/td><td class=\"column-5\">Funcional<\/td>\n<\/tr>\n<\/tbody>\n<\/table>\n<!-- #tablepress-1 from cache --><\/div>\n\t\t\t\t\t\t<\/div>\n\t\t\t\t<\/div>\n\t\t\t\t\t<\/div>\n\t\t<\/div>\n\t\t\t\t\t<\/div>\n\t\t<\/section>\n\t\t\t\t<\/div>\n\t\t","protected":false},"excerpt":{"rendered":"<p>Pol\u00edtica de cookies 1. \u00bfQU\u00c9 SON LAS COOKIES?Las cookies son peque\u00f1os archivos que se instalan en el terminal del usuario al visitar un sitio web con el fin de almacenar datos que podr\u00e1n ser actualizados y recuperados por el responsable de su instalaci\u00f3n. Si el usuario no se registra ni deja informaci\u00f3n personal en el [&hellip;]<\/p>\n","protected":false},"author":1,"featured_media":0,"parent":0,"menu_order":0,"comment_status":"closed","ping_status":"closed","template":"","meta":{"footnotes":""},"class_list":["post-3374","page","type-page","status-publish","hentry"],"_links":{"self":[{"href":"https:\/\/www.maritimbarcelona.org\/es\/wp-json\/wp\/v2\/pages\/3374","targetHints":{"allow":["GET"]}}],"collection":[{"href":"https:\/\/www.maritimbarcelona.org\/es\/wp-json\/wp\/v2\/pages"}],"about":[{"href":"https:\/\/www.maritimbarcelona.org\/es\/wp-json\/wp\/v2\/types\/page"}],"author":[{"embeddable":true,"href":"https:\/\/www.maritimbarcelona.org\/es\/wp-json\/wp\/v2\/users\/1"}],"replies":[{"embeddable":true,"href":"https:\/\/www.maritimbarcelona.org\/es\/wp-json\/wp\/v2\/comments?post=3374"}],"version-history":[{"count":0,"href":"https:\/\/www.maritimbarcelona.org\/es\/wp-json\/wp\/v2\/pages\/3374\/revisions"}],"wp:attachment":[{"href":"https:\/\/www.maritimbarcelona.org\/es\/wp-json\/wp\/v2\/media?parent=3374"}],"curies":[{"name":"wp","href":"https:\/\/api.w.org\/{rel}","templated":true}]}}